{"id":1749,"date":"2023-06-16T14:42:53","date_gmt":"2023-06-16T12:42:53","guid":{"rendered":"https:\/\/partner-fly.com\/kontaktirajte-partnerja-fly-parking-letalisce-zagreb\/"},"modified":"2026-04-08T16:48:51","modified_gmt":"2026-04-08T14:48:51","slug":"kontaktni-partner-fly-parkirisce-letalisce-zagreb","status":"publish","type":"page","link":"https:\/\/partner-fly.com\/sl\/kontaktni-partner-fly-parkirisce-letalisce-zagreb\/","title":{"rendered":"Kontakt Fly parking letali\u0161\u010de Zagreb"},"content":{"rendered":"\t\t<div data-elementor-type=\"wp-page\" data-elementor-id=\"1749\" class=\"elementor elementor-1749 elementor-162\" data-elementor-post-type=\"page\">\n\t\t\t\t<div class=\"elementor-element elementor-element-9c06015 e-con-full e-flex e-con e-parent\" data-id=\"9c06015\" data-element_type=\"container\" data-e-type=\"container\" data-settings=\"{&quot;background_background&quot;:&quot;classic&quot;,&quot;animation&quot;:&quot;none&quot;}\">\n\t\t\t\t<div class=\"elementor-element elementor-element-d9dcc2c elementor-widget elementor-widget-heading\" data-id=\"d9dcc2c\" data-element_type=\"widget\" data-e-type=\"widget\" data-widget_type=\"heading.default\">\n\t\t\t\t<div class=\"elementor-widget-container\">\n\t\t\t\t\t<h1 class=\"elementor-heading-title elementor-size-default\">KONTAKT<\/h1>\t\t\t\t<\/div>\n\t\t\t\t<\/div>\n\t\t\t\t<\/div>\n\t\t<div class=\"elementor-element elementor-element-93195d5 e-flex e-con-boxed e-con e-parent\" data-id=\"93195d5\" data-element_type=\"container\" data-e-type=\"container\">\n\t\t\t\t\t<div class=\"e-con-inner\">\n\t\t<div class=\"elementor-element elementor-element-b84d184 e-con-full e-flex e-con e-child\" data-id=\"b84d184\" data-element_type=\"container\" data-e-type=\"container\">\n\t\t\t\t<div class=\"elementor-element elementor-element-85c2533 elementor-widget__width-inherit elementor-hidden-tablet elementor-hidden-mobile elementor-widget elementor-widget-heading\" data-id=\"85c2533\" data-element_type=\"widget\" data-e-type=\"widget\" data-widget_type=\"heading.default\">\n\t\t\t\t<div class=\"elementor-widget-container\">\n\t\t\t\t\t<h2 class=\"elementor-heading-title elementor-size-default\">KONTAKT<\/h2>\t\t\t\t<\/div>\n\t\t\t\t<\/div>\n\t\t\t\t<div class=\"elementor-element elementor-element-5f9ed00 elementor-widget__width-initial elementor-widget-mobile__width-inherit elementor-widget elementor-widget-text-editor\" data-id=\"5f9ed00\" data-element_type=\"widget\" data-e-type=\"widget\" data-widget_type=\"text-editor.default\">\n\t\t\t\t<div class=\"elementor-widget-container\">\n\t\t\t\t\t\t\t\t\t<h2><strong>Partner Fly PLUS<br \/><\/strong>parking aerodrom Zagreb<\/h2>\n<p><strong>ZUNANJE PARKIRI\u0160\u010cE<\/strong><\/p>\n<p>Petina 1c<br \/>10410 Velika Gorica<\/p>\n<p><span style=\"text-decoration: underline;\"><a href=\"https:\/\/maps.app.goo.gl\/pCGdsJvK5NcXekrB9\" target=\"_blank\" rel=\"noopener\"><span style=\"color: #333300; text-decoration: underline;\">Google zemljevid<\/span><\/a><\/span><\/p>\n\t\t\t\t\t\t\t\t<\/div>\n\t\t\t\t<\/div>\n\t\t\t\t<div class=\"elementor-element elementor-element-7b7f633 elementor-widget__width-initial elementor-widget-mobile__width-inherit elementor-widget elementor-widget-text-editor\" data-id=\"7b7f633\" data-element_type=\"widget\" data-e-type=\"widget\" data-widget_type=\"text-editor.default\">\n\t\t\t\t<div class=\"elementor-widget-container\">\n\t\t\t\t\t\t\t\t\t<h2><strong>Partner Fly<br \/><\/strong>parking aerodrom Zagreb<\/h2>\n<p><strong>PARKIRANJE V GARA\u017dI<\/strong><\/p>\n<p>Selnica \u0160\u0107itarjevska 115F<br \/>10410 Velika Gorica<\/p>\n<p><span style=\"text-decoration: underline;\"><span style=\"color: #333300;\"><a style=\"color: #333300;\" href=\"https:\/\/maps.app.goo.gl\/uoKgMZE7EdfDdjp69\" target=\"_blank\" rel=\"noopener\">Google zemljevid<\/a><\/span><\/span><\/p>\n\t\t\t\t\t\t\t\t<\/div>\n\t\t\t\t<\/div>\n\t\t\t\t<div class=\"elementor-element elementor-element-997599c elementor-widget__width-initial elementor-widget-mobile__width-inherit elementor-widget elementor-widget-text-editor\" data-id=\"997599c\" data-element_type=\"widget\" data-e-type=\"widget\" data-widget_type=\"text-editor.default\">\n\t\t\t\t<div class=\"elementor-widget-container\">\n\t\t\t\t\t\t\t\t\t<h2 style=\"text-align: center;\"><b>delovni<br \/>\u010das: <\/b><\/h2>\n<p style=\"text-align: center;\">vsak dan 0-24<\/p>\n\t\t\t\t\t\t\t\t<\/div>\n\t\t\t\t<\/div>\n\t\t<div class=\"elementor-element elementor-element-aa5472a e-con-full e-flex e-con e-child\" data-id=\"aa5472a\" data-element_type=\"container\" data-e-type=\"container\">\n\t\t\t\t<div class=\"elementor-element elementor-element-1caa441 elementor-mobile-align-justify elementor-widget-mobile__width-inherit elementor-align-justify elementor-widget__width-initial elementor-widget elementor-widget-button\" data-id=\"1caa441\" data-element_type=\"widget\" data-e-type=\"widget\" data-widget_type=\"button.default\">\n\t\t\t\t<div class=\"elementor-widget-container\">\n\t\t\t\t\t\t\t\t\t<div class=\"elementor-button-wrapper\">\n\t\t\t\t\t<a class=\"elementor-button elementor-button-link elementor-size-lg\" href=\"https:\/\/partner-fly.com\/sl\/\">\n\t\t\t\t\t\t<span class=\"elementor-button-content-wrapper\">\n\t\t\t\t\t\t\t\t\t<span class=\"elementor-button-text\">rezervacija preko obrazca<\/span>\n\t\t\t\t\t<\/span>\n\t\t\t\t\t<\/a>\n\t\t\t\t<\/div>\n\t\t\t\t\t\t\t\t<\/div>\n\t\t\t\t<\/div>\n\t\t\t\t<div class=\"elementor-element elementor-element-1f64c5a elementor-mobile-align-justify elementor-widget-mobile__width-inherit elementor-align-justify elementor-widget__width-initial elementor-widget elementor-widget-button\" data-id=\"1f64c5a\" data-element_type=\"widget\" data-e-type=\"widget\" data-widget_type=\"button.default\">\n\t\t\t\t<div class=\"elementor-widget-container\">\n\t\t\t\t\t\t\t\t\t<div class=\"elementor-button-wrapper\">\n\t\t\t\t\t<a class=\"elementor-button elementor-button-link elementor-size-lg\" href=\"tel:00385953114230\">\n\t\t\t\t\t\t<span class=\"elementor-button-content-wrapper\">\n\t\t\t\t\t\t\t\t\t<span class=\"elementor-button-text\">+385 95 311 4230<\/span>\n\t\t\t\t\t<\/span>\n\t\t\t\t\t<\/a>\n\t\t\t\t<\/div>\n\t\t\t\t\t\t\t\t<\/div>\n\t\t\t\t<\/div>\n\t\t\t\t<div class=\"elementor-element elementor-element-6fb44cd elementor-mobile-align-justify elementor-widget-mobile__width-inherit elementor-align-justify elementor-widget__width-initial elementor-widget elementor-widget-button\" data-id=\"6fb44cd\" data-element_type=\"widget\" data-e-type=\"widget\" data-widget_type=\"button.default\">\n\t\t\t\t<div class=\"elementor-widget-container\">\n\t\t\t\t\t\t\t\t\t<div class=\"elementor-button-wrapper\">\n\t\t\t\t\t<a class=\"elementor-button elementor-button-link elementor-size-lg\" href=\"mailto:info@pfimport.local\">\n\t\t\t\t\t\t<span class=\"elementor-button-content-wrapper\">\n\t\t\t\t\t\t\t\t\t<span class=\"elementor-button-text\">info@pfimport.local<\/span>\n\t\t\t\t\t<\/span>\n\t\t\t\t\t<\/a>\n\t\t\t\t<\/div>\n\t\t\t\t\t\t\t\t<\/div>\n\t\t\t\t<\/div>\n\t\t\t\t<\/div>\n\t\t\t\t<\/div>\n\t\t<div class=\"elementor-element elementor-element-210d121 e-con-full e-flex e-con e-child\" data-id=\"210d121\" data-element_type=\"container\" data-e-type=\"container\" data-settings=\"{&quot;background_background&quot;:&quot;classic&quot;}\">\n\t\t\t\t<div class=\"elementor-element elementor-element-c0aba5b elementor-widget elementor-widget-heading\" data-id=\"c0aba5b\" data-element_type=\"widget\" data-e-type=\"widget\" data-widget_type=\"heading.default\">\n\t\t\t\t<div class=\"elementor-widget-container\">\n\t\t\t\t\t<h2 class=\"elementor-heading-title elementor-size-default\">Po\u0161ljite nam sporo\u010dilo<\/h2>\t\t\t\t<\/div>\n\t\t\t\t<\/div>\n\t\t\t\t<div class=\"elementor-element elementor-element-ab6103c elementor-button-align-end elementor-widget elementor-widget-form\" data-id=\"ab6103c\" data-element_type=\"widget\" data-e-type=\"widget\" data-settings=\"{&quot;step_next_label&quot;:&quot;Naprej&quot;,&quot;step_previous_label&quot;:&quot;Nazaj&quot;,&quot;step_type&quot;:&quot;none&quot;,&quot;button_width&quot;:&quot;100&quot;,&quot;step_icon_shape&quot;:&quot;circle&quot;}\" data-widget_type=\"form.default\">\n\t\t\t\t<div class=\"elementor-widget-container\">\n\t\t\t\t\t\t\t<form class=\"elementor-form\" method=\"post\" name=\"Nov obrazec\" aria-label=\"Nov obrazec\">\n\t\t\t<input type=\"hidden\" name=\"post_id\" value=\"1749\"\/>\n\t\t\t<input type=\"hidden\" name=\"form_id\" value=\"ab6103c\"\/>\n\t\t\t<input type=\"hidden\" name=\"referer_title\" value=\"Kontakt Fly parking letali\u0161\u010de Zagreb - Partner Fly parking aerodrom Zagreb - Zagreb Airport Parking\" \/>\n\n\t\t\t\t\t\t\t<input type=\"hidden\" name=\"queried_id\" value=\"1749\"\/>\n\t\t\t\n\t\t\t<div class=\"elementor-form-fields-wrapper elementor-labels-\">\n\t\t\t\t\t\t\t\t<div class=\"elementor-field-type-text elementor-field-group elementor-column elementor-field-group-name elementor-col-100 elementor-field-required\">\n\t\t\t\t\t\t\t\t\t\t\t\t<label for=\"form-field-name\" class=\"elementor-field-label elementor-screen-only\">\n\t\t\t\t\t\t\t\tNam\t\t\t\t\t\t\t<\/label>\n\t\t\t\t\t\t\t\t\t\t\t\t\t\t<input size=\"1\" type=\"text\" name=\"form_fields[name]\" id=\"form-field-name\" class=\"elementor-field elementor-size-sm  elementor-field-textual\" placeholder=\"Ime\" required=\"required\">\n\t\t\t\t\t\t\t\t\t\t\t<\/div>\n\t\t\t\t\t\t\t\t<div class=\"elementor-field-type-email elementor-field-group elementor-column elementor-field-group-email elementor-col-100 elementor-field-required\">\n\t\t\t\t\t\t\t\t\t\t\t\t<label for=\"form-field-email\" class=\"elementor-field-label elementor-screen-only\">\n\t\t\t\t\t\t\t\tE-naslov\t\t\t\t\t\t\t<\/label>\n\t\t\t\t\t\t\t\t\t\t\t\t\t\t<input size=\"1\" type=\"email\" name=\"form_fields[email]\" id=\"form-field-email\" class=\"elementor-field elementor-size-sm  elementor-field-textual\" placeholder=\"E-naslov\" required=\"required\">\n\t\t\t\t\t\t\t\t\t\t\t<\/div>\n\t\t\t\t\t\t\t\t<div class=\"elementor-field-type-textarea elementor-field-group elementor-column elementor-field-group-message elementor-col-100 elementor-field-required\">\n\t\t\t\t\t\t\t\t\t\t\t\t<label for=\"form-field-message\" class=\"elementor-field-label elementor-screen-only\">\n\t\t\t\t\t\t\t\tSporo\u010dilo\t\t\t\t\t\t\t<\/label>\n\t\t\t\t\t\t<textarea class=\"elementor-field-textual elementor-field  elementor-size-sm\" name=\"form_fields[message]\" id=\"form-field-message\" rows=\"4\" placeholder=\"Sporo\u010dilo\" required=\"required\"><\/textarea>\t\t\t\t<\/div>\n\t\t\t\t\t\t\t\t<div class=\"elementor-field-type-text\">\n\t\t\t\t\t<input size=\"1\" type=\"text\" name=\"form_fields[field_d41d95f]\" id=\"form-field-field_d41d95f\" class=\"elementor-field elementor-size-sm \" style=\"display:none !important;\">\t\t\t\t<\/div>\n\t\t\t\t\t\t\t\t<div class=\"elementor-field-type-text\">\n\t\t\t\t\t<input size=\"1\" type=\"text\" name=\"form_fields[field_34a17e7]\" id=\"form-field-field_34a17e7\" class=\"elementor-field elementor-size-sm \" style=\"display:none !important;\">\t\t\t\t<\/div>\n\t\t\t\t\t\t\t\t<div class=\"elementor-field-type-text\">\n\t\t\t\t\t<input size=\"1\" type=\"text\" name=\"form_fields[field_6f75bd4]\" id=\"form-field-field_6f75bd4\" class=\"elementor-field elementor-size-sm \" style=\"display:none !important;\">\t\t\t\t<\/div>\n\t\t\t\t\t\t\t\t<div class=\"elementor-field-type-text\">\n\t\t\t\t\t<input size=\"1\" type=\"text\" name=\"form_fields[field_56f5976]\" id=\"form-field-field_56f5976\" class=\"elementor-field elementor-size-sm \" style=\"display:none !important;\">\t\t\t\t<\/div>\n\t\t\t\t\t\t\t\t<div class=\"elementor-field-type-acceptance elementor-field-group elementor-column elementor-field-group-field_9af0f5f elementor-col-100 elementor-field-required\">\n\t\t\t\t\t\t\t\t\t\t\t\t<label for=\"form-field-field_9af0f5f\" class=\"elementor-field-label elementor-screen-only\">\n\t\t\t\t\t\t\t\tsoglasje\t\t\t\t\t\t\t<\/label>\n\t\t\t\t\t\t\t\t<div class=\"elementor-field-subgroup\">\n\t\t\t<span class=\"elementor-field-option\">\n\t\t\t\t<input type=\"checkbox\" name=\"form_fields[field_9af0f5f]\" id=\"form-field-field_9af0f5f\" class=\"elementor-field elementor-size-sm  elementor-acceptance-field\" required=\"required\">\n\t\t\t\t<label for=\"form-field-field_9af0f5f\">Strinjam se z uporabo mojih podatkov v skladu s <a href=\"https:\/\/partner-fly.com\/sl\/politika-zasebnosti\/\">Politiko zasebnosti<\/a><\/label>\t\t\t<\/span>\n\t\t<\/div>\n\t\t\t\t\t\t<\/div>\n\t\t\t\t\t\t\t\t<div class=\"elementor-field-type-recaptcha elementor-field-group elementor-column elementor-field-group-field_0a7f6ba elementor-col-100\">\n\t\t\t\t\t<div class=\"elementor-field\" id=\"form-field-field_0a7f6ba\"><div class=\"elementor-g-recaptcha\" data-sitekey=\"6LeCiVcqAAAAAJ1gEEnJL_SM5iuhuVkpvIc82Z07\" data-type=\"v2_checkbox\" data-theme=\"light\" data-size=\"normal\"><\/div><\/div>\t\t\t\t<\/div>\n\t\t\t\t\t\t\t\t<div class=\"elementor-field-group elementor-column elementor-field-type-submit elementor-col-100 e-form__buttons\">\n\t\t\t\t\t<button class=\"elementor-button elementor-size-sm\" type=\"submit\">\n\t\t\t\t\t\t<span class=\"elementor-button-content-wrapper\">\n\t\t\t\t\t\t\t\t\t\t\t\t\t\t\t\t\t\t\t\t\t\t<span class=\"elementor-button-text\">PO\u0160LJI<\/span>\n\t\t\t\t\t\t\t\t\t\t\t\t\t<\/span>\n\t\t\t\t\t<\/button>\n\t\t\t\t<\/div>\n\t\t\t<\/div>\n\t\t<\/form>\n\t\t\t\t\t\t<\/div>\n\t\t\t\t<\/div>\n\t\t\t\t<\/div>\n\t\t<div class=\"elementor-element elementor-element-b96d544 e-con-full e-flex e-con e-child\" data-id=\"b96d544\" data-element_type=\"container\" data-e-type=\"container\">\n\t\t\t\t<div class=\"elementor-element elementor-element-ba3beb4 elementor-widget elementor-widget-menu-anchor\" data-id=\"ba3beb4\" data-element_type=\"widget\" data-e-type=\"widget\" data-widget_type=\"menu-anchor.default\">\n\t\t\t\t<div class=\"elementor-widget-container\">\n\t\t\t\t\t\t\t<div class=\"elementor-menu-anchor\" id=\"partner-fly-parking-letalie-zagreb-Google-map\"><\/div>\n\t\t\t\t\t\t<\/div>\n\t\t\t\t<\/div>\n\t\t\t\t<\/div>\n\t\t\t\t\t<\/div>\n\t\t\t\t<\/div>\n\t\t<div class=\"elementor-element elementor-element-40b95c7 e-flex e-con-boxed e-con e-parent\" data-id=\"40b95c7\" data-element_type=\"container\" data-e-type=\"container\">\n\t\t\t\t\t<div class=\"e-con-inner\">\n\t\t\t\t<div class=\"elementor-element elementor-element-e19dc17 elementor-widget__width-inherit elementor-widget elementor-widget-text-editor\" data-id=\"e19dc17\" data-element_type=\"widget\" data-e-type=\"widget\" data-widget_type=\"text-editor.default\">\n\t\t\t\t<div class=\"elementor-widget-container\">\n\t\t\t\t\t\t\t\t\t<p><strong>ZUNANJE PARKIRI\u0160\u010cE<\/strong><br \/>Partner Fly PLUS<br \/>Petina 1c; 10410 Petina<\/p>\n\t\t\t\t\t\t\t\t<\/div>\n\t\t\t\t<\/div>\n\t\t\t\t<div class=\"elementor-element elementor-element-40921d7 elementor-widget elementor-widget-google_maps\" data-id=\"40921d7\" data-element_type=\"widget\" data-e-type=\"widget\" data-widget_type=\"google_maps.default\">\n\t\t\t\t<div class=\"elementor-widget-container\">\n\t\t\t\t\t\t\t<div class=\"elementor-custom-embed\">\n\t\t\t<iframe loading=\"lazy\"\n\t\t\t\t\tsrc=\"https:\/\/maps.google.com\/maps?q=Partner%20Fly%20Plus%2C%20Petina%201c%2C%2010410%2C%20Velika%20Gorica&#038;t=m&#038;z=13&#038;output=embed&#038;iwloc=near\"\n\t\t\t\t\ttitle=\"Partner Fly Plus, Petina 1c, 10410, Velika Gorica\"\n\t\t\t\t\taria-label=\"Partner Fly Plus, Petina 1c, 10410, Velika Gorica\"\n\t\t\t><\/iframe>\n\t\t<\/div>\n\t\t\t\t\t\t<\/div>\n\t\t\t\t<\/div>\n\t\t\t\t<div class=\"elementor-element elementor-element-1b06fb7 elementor-widget__width-inherit elementor-widget elementor-widget-text-editor\" data-id=\"1b06fb7\" data-element_type=\"widget\" data-e-type=\"widget\" data-widget_type=\"text-editor.default\">\n\t\t\t\t<div class=\"elementor-widget-container\">\n\t\t\t\t\t\t\t\t\t<p><strong>PARKIRANJE V GARA\u017dI<\/strong><br \/>Partner Fly <br \/>Selnica \u0160\u0107itarjevska 115F; 10410 Velika Gorica<\/p>\n\t\t\t\t\t\t\t\t<\/div>\n\t\t\t\t<\/div>\n\t\t\t\t<div class=\"elementor-element elementor-element-88ae0da elementor-widget elementor-widget-google_maps\" data-id=\"88ae0da\" data-element_type=\"widget\" data-e-type=\"widget\" data-widget_type=\"google_maps.default\">\n\t\t\t\t<div class=\"elementor-widget-container\">\n\t\t\t\t\t\t\t<div class=\"elementor-custom-embed\">\n\t\t\t<iframe loading=\"lazy\"\n\t\t\t\t\tsrc=\"https:\/\/maps.google.com\/maps?q=Partner%20Fly%2C%20Selnica%20%C5%A0%C4%87itarjevska%20115F%2C%2010410%20Velika%20Gorica&#038;t=m&#038;z=13&#038;output=embed&#038;iwloc=near\"\n\t\t\t\t\ttitle=\"Partner Fly, Selnica \u0160\u0107itarjevska 115F, 10410 Velika Gorica\"\n\t\t\t\t\taria-label=\"Partner Fly, Selnica \u0160\u0107itarjevska 115F, 10410 Velika Gorica\"\n\t\t\t><\/iframe>\n\t\t<\/div>\n\t\t\t\t\t\t<\/div>\n\t\t\t\t<\/div>\n\t\t\t\t\t<\/div>\n\t\t\t\t<\/div>\n\t\t\t\t<\/div>\n\t\t","protected":false},"excerpt":{"rendered":"<p>KONTAKT KONTAKT Partner Fly PLUSparking aerodrom Zagreb ZUNANJE PARKIRI\u0160\u010cE Petina 1c10410 Velika Gorica Google zemljevid Partner Flyparking aerodrom Zagreb PARKIRANJE V GARA\u017dI Selnica \u0160\u0107itarjevska 115F10410 Velika Gorica Google zemljevid delovni\u010das: vsak dan 0-24 rezervacija preko obrazca +385 95 311 4230 info@pfimport.local Po\u0161ljite nam sporo\u010dilo ZUNANJE PARKIRI\u0160\u010cEPartner Fly PLUSPetina 1c; 10410 Petina PARKIRANJE V GARA\u017dIPartner Fly [&hellip;]<\/p>\n","protected":false},"author":4,"featured_media":0,"parent":0,"menu_order":0,"comment_status":"closed","ping_status":"closed","template":"","meta":{"footnotes":""},"class_list":["post-1749","page","type-page","status-publish","hentry"],"_links":{"self":[{"href":"https:\/\/partner-fly.com\/sl\/wp-json\/wp\/v2\/pages\/1749","targetHints":{"allow":["GET"]}}],"collection":[{"href":"https:\/\/partner-fly.com\/sl\/wp-json\/wp\/v2\/pages"}],"about":[{"href":"https:\/\/partner-fly.com\/sl\/wp-json\/wp\/v2\/types\/page"}],"author":[{"embeddable":true,"href":"https:\/\/partner-fly.com\/sl\/wp-json\/wp\/v2\/users\/4"}],"replies":[{"embeddable":true,"href":"https:\/\/partner-fly.com\/sl\/wp-json\/wp\/v2\/comments?post=1749"}],"version-history":[{"count":1,"href":"https:\/\/partner-fly.com\/sl\/wp-json\/wp\/v2\/pages\/1749\/revisions"}],"predecessor-version":[{"id":4640,"href":"https:\/\/partner-fly.com\/sl\/wp-json\/wp\/v2\/pages\/1749\/revisions\/4640"}],"wp:attachment":[{"href":"https:\/\/partner-fly.com\/sl\/wp-json\/wp\/v2\/media?parent=1749"}],"curies":[{"name":"wp","href":"https:\/\/api.w.org\/{rel}","templated":true}]}}