{"id":1752,"date":"2023-06-16T15:05:10","date_gmt":"2023-06-16T13:05:10","guid":{"rendered":"https:\/\/partner-fly.com\/politika-zasebnosti\/"},"modified":"2024-03-06T11:36:24","modified_gmt":"2024-03-06T10:36:24","slug":"politika-zasebnosti","status":"publish","type":"page","link":"https:\/\/partner-fly.com\/sl\/politika-zasebnosti\/","title":{"rendered":"Politika zasebnosti"},"content":{"rendered":"\t\t<div data-elementor-type=\"wp-page\" data-elementor-id=\"1752\" class=\"elementor elementor-1752 elementor-172\" data-elementor-post-type=\"page\">\n\t\t\t\t<div class=\"elementor-element elementor-element-abf889d e-flex e-con-boxed e-con e-parent\" data-id=\"abf889d\" data-element_type=\"container\" data-e-type=\"container\">\n\t\t\t\t\t<div class=\"e-con-inner\">\n\t\t\t\t<div class=\"elementor-element elementor-element-e5a7dbb elementor-widget elementor-widget-heading\" data-id=\"e5a7dbb\" data-element_type=\"widget\" data-e-type=\"widget\" data-widget_type=\"heading.default\">\n\t\t\t\t<div class=\"elementor-widget-container\">\n\t\t\t\t\t<h2 class=\"elementor-heading-title elementor-size-default\">POLITIKA ZASEBNOSTI<\/h2>\t\t\t\t<\/div>\n\t\t\t\t<\/div>\n\t\t\t\t<div class=\"elementor-element elementor-element-be1d768 elementor-widget elementor-widget-text-editor\" data-id=\"be1d768\" data-element_type=\"widget\" data-e-type=\"widget\" data-widget_type=\"text-editor.default\">\n\t\t\t\t<div class=\"elementor-widget-container\">\n\t\t\t\t\t\t\t\t\t<p><strong>1. SPLO\u0160NE DOLO\u010cBE<\/strong><br \/>V skladu z Uredbo (EU) 2016\/679 Evropskega parlamenta in Evropskega sveta z dne 27. april 2016 o varstvu posameznikov v zvezi z obdelavo osebnih podatkov, ki je v polni veljavi od 25 maj 2018 v Republiki Hrva\u0161ki in vseh dr\u017eavah \u010dlanicah Evropske unije ter Zakonu o izvajanju Splo\u0161ne uredbe o varstvu podatkov (Ur. l. \u0161t. 42\/18, v nadaljevanju: Zakon), tj. okvir za varstvo osebnih podatkov v Republiki Hrva\u0161ki in Evropski uniji  <strong>M. Data obrt za ra\u010dunovodske in svetovalne storitve, vl. Mandica Zeti\u0107, \u0160\u0107itarjevo 262; 10410 Velika Gorica; elektronski naslov: info@pfimport.local; tel. +385953114230;  <\/strong>v nadaljevanju <strong>M. Data<\/strong> prilaga Politiko varstva osebnih podatkov uporabnikov storitev.<br \/>Politika varstva osebnih podatkov je enostransko zavezujo\u010d pravni akt, ki temelji na temeljnih na\u010delih pri obdelavi osebnih podatkov in ureja, kateri podatki o uporabnikih storitev se zbirajo, kako se ti podatki obdelujejo in za kak\u0161ne namene se uporabljajo. Politika varstva osebnih podatkov uporabnike storitev seznanja tudi z njihovimi pravicami pri zbiranju in nadaljnji obdelavi osebnih podatkov, vse z namenom varovanja njihove zasebnosti v \u0161ir\u0161em smislu.<br \/>Politika varstva osebnih podatkov temelji na naslednjih na\u010delih obdelave osebnih podatkov: na\u010delo zakonitosti, transparentnosti in najbolj\u0161e prakse, na\u010delo omejene obdelave in zmanj\u0161anja koli\u010dine podatkov, na\u010delo to\u010dnosti in popolnosti osebnih podatkov, na\u010delo omejene hrambe, na\u010delo celovitosti in zaupnosti podatkov, na\u010delo odgovornosti, na\u010delo zaupanja in po\u0161tene obdelave, na\u010delo prilo\u017enosti, na\u010delo anonimne obdelave.<br \/>Politika varstva osebnih podatkov velja za vse storitve, ki jih upravljavec ponuja, pri \u010demer je cilj Politike uporabnike storitev na jasen in transparenten na\u010din seznaniti s postopki obdelave njihovih osebnih podatkov in njihovimi pravicami. Najprej se lahko uporabniki storitev kadarkoli obrnejo na upravljavca podatkov z zahtevo za spremembo ali dopolnitev in\/ali posodobitev podatkov, ki se nana\u0161ajo nanje, ter z zahtevo za izjavo o tem, za katere namene \u017eelijo oz. \u017eelijo, da se njihovi podatki obdelujejo.<\/p>\n<p><b>2. VRSTE ZBRANIH PODATKOV IN METODA ZBIRANJA PODATKOV<\/b><br \/>Storitve, ki jih izvaja upravljavec, zahtevajo zbiranje osebnih podatkov uporabnikov storitev, pri \u010demer se osnovni podatki zbirajo na naslednje na\u010dine:<br \/><b>1.1.<\/b> Neposredno s strani uporabnikov storitev na na\u010din, da jim uporabniki storitev sami podajo s podpisano privolitev <strong>M. Data<\/strong> kot Upravljavca podatkov, ki je opredeljena v dolo\u010denem obsegu podatkov, ki so bistveni za opravljanje storitev. Uporabnik storitve je za namen opravljanja storitev dol\u017ean upravljavcu posredovati naslednje podatke, ki so potrebni za opravljanje posamezne storitve.<br \/>a) ime in priimek;<br \/>b) naslov;<br \/>c) kontaktni telefon in\/ali \u0161tevilko mobilnega telefona;<br \/>d) e-po\u0161tni kontakt (e-naslov);<br \/><b>1.2.<\/b>  Samodejno z obiskom na\u0161ih spletnih mest in dru\u017ebenih omre\u017eij, kar so podatki, povezani z omre\u017enimi identifikatorji (naslovi internetnega protokola in identifikatorji pi\u0161kotkov, kot je Google Analytics za spremljanje interakcije uporabnikov).<br \/>Pi\u0161kotki <strong>M. Data<\/strong> omogo\u010dajo zbiranje statisti\u010dnih podatkov o obna\u0161anju uporabnikov na internetnih straneh (npr. na katerih delih internetne strani se uporabniki zadr\u017eujejo najdlje in kje najkraj\u0161e), kateri internetni brskalnik (npr. Internet Explorer, Opera, Safari), Google Chrome, Firefox) uporablja in podobno.<br \/>Pi\u0161kotki so majhen nabor podatkov, poslanih s stre\u017enika spletne strani podjetja na uporabnikov ra\u010dunalnik in slu\u017eijo kot anonimni identifikator. Pi\u0161kotki se uporabljajo tudi za la\u017ejo navigacijo po spletnih straneh. Pi\u0161kotki se ne uporabljajo za dostop do uporabni\u0161kih podatkov ali za sledenje dejavnosti uporabnika po zapustitvi spletnega mesta podjetja.<\/p>\n<p><b>3. NAMEN ZBIRANJA OSEBNIH PODATKOV<\/b><br \/>Upravljavec osebne podatke zbira izklju\u010dno za namene izpolnitve zahtevkov za izvedbo dolo\u010dene storitve. Ne zbiramo podatkov, ki ne slu\u017eijo izvedbi zahtevane storitve. Tak\u0161ne podatke zbira Upravljavec na podlagi soglasja uporabnika storitve za enega ali ve\u010d posebnih namenov ter v enem od naslednjih primerov:<br \/><b>3.1. Z namenom zagotavljanja storitve<\/b><br \/>Osebne podatke obdelujemo v primeru va\u0161ih povpra\u0161evanj, nato prito\u017eb glede kakovosti, vsebine in vrste opravljene storitve, zahtevkov v skladu z veljavnimi predpisi (dolo\u010dbe v zvezi s pravicami respondentov po Uredbi EU 2016\/679 Evropskega parlamenta in Svet \u2013 Splo\u0161na uredba o varstvu podatkov itd.)<br \/><b>3.2 Izpolnjevanje zakonskih obveznosti<\/b><br \/>Osebni podatki se lahko obdelujejo za namene javnega interesa za statisti\u010dne namene v skladu z veljavnimi pravnimi predpisi (npr. v skladu z Letnim na\u010drtom statisti\u010dnih dejavnosti Republike Hrva\u0161ke) ali v skladu s pogodbenimi pogoji ponudnika storitev. V tem primeru se va\u0161i podatki obdelujejo v zbirni in anonimizirani obliki in jih ni mogo\u010de povezati z dolo\u010deno fizi\u010dno osebo.<br \/><b>3.3. Neposredna promocija (tr\u017eenje)<\/b><br \/>Kontaktni podatki uporabnikov storitve se lahko uporabljajo za po\u0161iljanje promocijskih informacij o storitvah <strong>M. Data<\/strong> , \u010de je uporabnik storitve dal soglasje za tako obdelavo.<br \/><b>3.4. Interni nameni<\/b><br \/>Upravljavec uporablja dolo\u010dene podatke uporabnikov storitev izklju\u010dno za namene lastnih evidenc, z namenom varovanja zakonitih interesov uporabnikov storitev in\/ali <strong>M. Data.<\/strong><br \/><b>3.5. Podatki o potencialnih uporabnikih storitev<\/b><br \/>Upravljavec je poobla\u0161\u010den tudi za zbiranje podatkov o potencialnih uporabnikih svojih storitev. Ti podatki vklju\u010dujejo osnovne podatke (ime in priimek, e-po\u0161tni naslov) ter interese morebitnih uporabnikov storitev, ki kontaktirajo upravljavca z \u017eeljo po informiranosti in\/ali ponudbi dolo\u010dene storitve. Pravna podlaga za zbiranje v opisanem primeru je soglasje uporabnika storitve.<\/p>\n<p><b>4. SHRANJEVANJE OSEBNIH PODATKOV<\/b><br \/>Glede na namen in pravno podlago, na podlagi katere se zbirajo osebni podatki uporabnika storitev, je Upravljavec osebne podatke v nekaterih primerih dol\u017ean hraniti za obdobje, ki ga predpisujejo ustrezni predpisi za dolo\u010den namen.<\/p>\n<p><b>PRAVICE UPORABNIKA STORITEV<\/b><br \/><b>5.1. Pravica do dostopa do osebnih podatkov<\/b><br \/><strong>M. Podatki<\/strong>  kot upravljavec podatkov se zavezuje, da bo na podlagi vlo\u017eene pisne zahteve uporabnika storitve, ki je lahko tudi v obliki elektronske po\u0161te, omogo\u010dil vpogled v osebne podatke, ki jih o njem obdeluje, ga seznanil z namenom. obdelave osebnih podatkov, za katere se obdelujejo, o vrsti osebnih podatkov, ki se obdelujejo, o prejemnikih oziroma kategorijah prejemnikov, katerim so bili ali jim bodo razkriti osebni podatki, o predvidenem \u010dasovnem obdobju obdelave oz. na merilih, uporabljenih za dolo\u010ditev tega obdobja.<br \/><b>5.2. Pravica do popravka napa\u010dnih podatkov<\/b><br \/><strong>M. Data<\/strong> bo kot vodja obdelave omogo\u010dil popravek nepravilnih osebnih podatkov v vsakem posameznem primeru, ko bo ugotovljeno, da so zbrani osebni podatki o uporabniku storitve napa\u010dni ali da so se podatki uporabnika storitve spremenili.<br \/><b>5.3. Pravica do izbrisa osebnih podatkov<\/b><br \/><strong>M. Data<\/strong> izbrisa osebne podatke uporabnika storitve v naslednjih primerih:<br \/>a) ko osebni podatki uporabnika storitve niso ve\u010d potrebni za izpolnitev namena obdelave, tj. ko preneha namen obdelave;<br \/>b) ko uporabnik storitve umakne soglasje kot pravno podlago za obdelavo podatkov in ne obstaja druga pravna podlaga za obdelavo podatkov;<br \/>c) ko uporabnik storitve ugovarja obdelavi.<br \/><b>5.4. Pravica do omejitve obdelave podatkov<\/b><br \/>Omejitev obdelave osebnih podatkov <strong>M. Data<\/strong>  bo zagotovil v primerih, ko uporabnik storitve oporeka to\u010dnosti podatkov, ko je obdelava nezakonita, uporabnik storitve pa nasprotuje izbrisu podatkov in namesto tega zahteva omejitev njihove uporabe, ko upravljavec osebnih podatkov ne potrebuje ve\u010d. podatkov za namene obdelave, uporabnik storitve pa jih zahteva za uresni\u010devanje zakonskih zahtev, kot tudi v primeru, ko uporabnik storitve vlo\u017ei ugovor zoper obdelavo osebnih podatkov na podlagi zakonitega interesa.  <strong>M. Data.<\/strong><br \/><b>5.5. Pravica do ugovora<\/b><br \/>Uporabnik storitve ima pravico ugovarjati obdelavi osebnih podatkov, ki se nana\u0161ajo nanj, \u010de se podatki obdelujejo za namene zakonitega interesa upravljavca. V tem primeru bo <strong>M. Data<\/strong> kot upravljavec prenehal obdelovati osebne podatke, razen \u010de doka\u017ee, da obstajajo prepri\u010dljivi zakoniti razlogi za obdelavo osebnih podatkov v zvezi s pravicami uporabnika in\/ali kupca, to je v primeru, da obdelava podatkov slu\u017ei postavitvi, doseganju ali obrambi pravnih zahtevkov.<\/p>\n<p><b>6. KJE SE OBDELUJEJO OSEBNI PODATKI<\/b><br \/> Osebne podatke uporabnikov storitev obdeluje Upravljavec v EU, v Republiki Hrva\u0161ki.<\/p>\n<p><b>7. UPRAVLJANJE PRIVOLITEV<\/b><br \/>Aktivna vloga uporabnika storitve pri varovanju osebnih podatkov se ka\u017ee v podaji privolitve kot prostovoljnega, predvsem ozave\u0161\u010denega in nedvoumnega izraza \u017eelje respondentov, ki jim z izjavo daje soglasje za obdelavo osebnih podatkov. ali jasno pritrdilno dejanje. Upravljanje s privolitvijo pomeni mo\u017enost, da uporabnik storitve aktivno in nedvoumno pooblasti Upravljavca za zbiranje in obdelavo dolo\u010denih osebnih podatkov za enega ali ve\u010d namenov (privolitev subjekta), to je, da prekli\u010de predhodno dano privolitev za zbiranje in obdelavo. osebnih podatkov na enega ali ve\u010d na\u010dinov ve\u010d namenov.<\/p>\n<p><b>8. SPREMEMBE POLITIKE VARSTVA OSEBNIH PODATKOV<\/b><br \/>Upravljavec si pridr\u017euje pravico, da to Politiko kadarkoli spremeni in dopolni, ne da bi o tem posebej obvestil zainteresirane osebe.<\/p>\n\t\t\t\t\t\t\t\t<\/div>\n\t\t\t\t<\/div>\n\t\t\t\t<div class=\"elementor-element elementor-element-6c4a9a0 elementor-align-center elementor-widget elementor-widget-button\" data-id=\"6c4a9a0\" data-element_type=\"widget\" data-e-type=\"widget\" data-widget_type=\"button.default\">\n\t\t\t\t<div class=\"elementor-widget-container\">\n\t\t\t\t\t\t\t\t\t<div class=\"elementor-button-wrapper\">\n\t\t\t\t\t<a class=\"elementor-button elementor-button-link elementor-size-lg\" href=\"https:\/\/partner-fly.com\/sl\/piskotki\/\">\n\t\t\t\t\t\t<span class=\"elementor-button-content-wrapper\">\n\t\t\t\t\t\t\t\t\t<span class=\"elementor-button-text\">pi\u0161kotki - cookies<\/span>\n\t\t\t\t\t<\/span>\n\t\t\t\t\t<\/a>\n\t\t\t\t<\/div>\n\t\t\t\t\t\t\t\t<\/div>\n\t\t\t\t<\/div>\n\t\t\t\t\t<\/div>\n\t\t\t\t<\/div>\n\t\t\t\t<\/div>\n\t\t","protected":false},"excerpt":{"rendered":"<p>POLITIKA ZASEBNOSTI 1. SPLO\u0160NE DOLO\u010cBEV skladu z Uredbo (EU) 2016\/679 Evropskega parlamenta in Evropskega sveta z dne 27. april 2016 o varstvu posameznikov v zvezi z obdelavo osebnih podatkov, ki je v polni veljavi od 25 maj 2018 v Republiki Hrva\u0161ki in vseh dr\u017eavah \u010dlanicah Evropske unije ter Zakonu o izvajanju Splo\u0161ne uredbe o varstvu [&hellip;]<\/p>\n","protected":false},"author":4,"featured_media":0,"parent":0,"menu_order":0,"comment_status":"closed","ping_status":"closed","template":"","meta":{"footnotes":""},"class_list":["post-1752","page","type-page","status-publish","hentry"],"_links":{"self":[{"href":"https:\/\/partner-fly.com\/sl\/wp-json\/wp\/v2\/pages\/1752","targetHints":{"allow":["GET"]}}],"collection":[{"href":"https:\/\/partner-fly.com\/sl\/wp-json\/wp\/v2\/pages"}],"about":[{"href":"https:\/\/partner-fly.com\/sl\/wp-json\/wp\/v2\/types\/page"}],"author":[{"embeddable":true,"href":"https:\/\/partner-fly.com\/sl\/wp-json\/wp\/v2\/users\/4"}],"replies":[{"embeddable":true,"href":"https:\/\/partner-fly.com\/sl\/wp-json\/wp\/v2\/comments?post=1752"}],"version-history":[{"count":0,"href":"https:\/\/partner-fly.com\/sl\/wp-json\/wp\/v2\/pages\/1752\/revisions"}],"wp:attachment":[{"href":"https:\/\/partner-fly.com\/sl\/wp-json\/wp\/v2\/media?parent=1752"}],"curies":[{"name":"wp","href":"https:\/\/api.w.org\/{rel}","templated":true}]}}